{"id":11,"date":"2021-11-21T15:12:46","date_gmt":"2021-11-21T15:12:46","guid":{"rendered":"http:\/\/santodomingosavio.com.ar\/?page_id=11"},"modified":"2025-06-04T12:50:14","modified_gmt":"2025-06-04T12:50:14","slug":"home","status":"publish","type":"page","link":"https:\/\/santodomingosavio.com.ar\/","title":{"rendered":"Inscripciones Nivel Inicial y Primario"},"content":{"rendered":"\t\t<div data-elementor-type=\"wp-page\" data-elementor-id=\"11\" class=\"elementor elementor-11\">\n\t\t\t\t\t\t\t\t\t<section class=\"elementor-section elementor-top-section elementor-element elementor-element-ca7541c elementor-section-height-min-height elementor-section-content-top elementor-section-boxed elementor-section-height-default elementor-section-items-middle\" data-id=\"ca7541c\" data-element_type=\"section\" data-settings=\"{&quot;background_background&quot;:&quot;classic&quot;}\">\n\t\t\t\t\t\t\t<div class=\"elementor-background-overlay\"><\/div>\n\t\t\t\t\t\t\t<div class=\"elementor-container elementor-column-gap-default\">\n\t\t\t\t\t<div class=\"elementor-column elementor-col-100 elementor-top-column elementor-element elementor-element-be10890\" data-id=\"be10890\" data-element_type=\"column\">\n\t\t\t<div class=\"elementor-widget-wrap elementor-element-populated\">\n\t\t\t\t\t\t\t\t<div class=\"elementor-element elementor-element-0bddf58 elementor-widget elementor-widget-image\" data-id=\"0bddf58\" data-element_type=\"widget\" data-widget_type=\"image.default\">\n\t\t\t\t<div class=\"elementor-widget-container\">\n\t\t\t<style>\/*! elementor - v3.6.8 - 27-07-2022 *\/\n.elementor-widget-image{text-align:center}.elementor-widget-image a{display:inline-block}.elementor-widget-image a img[src$=\".svg\"]{width:48px}.elementor-widget-image img{vertical-align:middle;display:inline-block}<\/style>\t\t\t\t\t\t\t\t\t\t\t\t<img width=\"580\" height=\"168\" src=\"https:\/\/santodomingosavio.com.ar\/wp-content\/uploads\/2022\/07\/00-bannergrande-05Jun16.jpg\" class=\"attachment-large size-large\" alt=\"\" loading=\"lazy\" srcset=\"https:\/\/santodomingosavio.com.ar\/wp-content\/uploads\/2022\/07\/00-bannergrande-05Jun16.jpg 1024w, https:\/\/santodomingosavio.com.ar\/wp-content\/uploads\/2022\/07\/00-bannergrande-05Jun16-300x87.jpg 300w, https:\/\/santodomingosavio.com.ar\/wp-content\/uploads\/2022\/07\/00-bannergrande-05Jun16-768x223.jpg 768w\" sizes=\"(max-width: 580px) 100vw, 580px\" \/>\t\t\t\t\t\t\t\t\t\t\t\t\t\t\t<\/div>\n\t\t\t\t<\/div>\n\t\t\t\t<div class=\"elementor-element elementor-element-65fc1fc elementor-widget elementor-widget-text-editor\" data-id=\"65fc1fc\" data-element_type=\"widget\" data-widget_type=\"text-editor.default\">\n\t\t\t\t<div class=\"elementor-widget-container\">\n\t\t\t<style>\/*! elementor - v3.6.8 - 27-07-2022 *\/\n.elementor-widget-text-editor.elementor-drop-cap-view-stacked .elementor-drop-cap{background-color:#818a91;color:#fff}.elementor-widget-text-editor.elementor-drop-cap-view-framed .elementor-drop-cap{color:#818a91;border:3px solid;background-color:transparent}.elementor-widget-text-editor:not(.elementor-drop-cap-view-default) .elementor-drop-cap{margin-top:8px}.elementor-widget-text-editor:not(.elementor-drop-cap-view-default) .elementor-drop-cap-letter{width:1em;height:1em}.elementor-widget-text-editor .elementor-drop-cap{float:left;text-align:center;line-height:1;font-size:50px}.elementor-widget-text-editor .elementor-drop-cap-letter{display:inline-block}<\/style>\t\t\t\t<p style=\"font-size: 16px; text-align: left;\"><span style=\"font-weight: bold;\">Se encuentra abierta la solicitud de vacante condicional para el Ciclo Lectivo 2026 para los niveles inicial y primario de la Obra Salesiana Santo Domingo Savio de Rosario.<\/span><\/p><p style=\"font-size: 16px; text-align: justify;\"><span style=\"font-weight: bold;\">Aquellas familias que deseen solicitar la vacante, deber\u00e1n completar el siguiente formulario de Google.<\/span><\/p>\t\t\t\t\t\t<\/div>\n\t\t\t\t<\/div>\n\t\t\t\t<div class=\"elementor-element elementor-element-ba65d16 elementor-widget elementor-widget-heading\" data-id=\"ba65d16\" data-element_type=\"widget\" data-widget_type=\"heading.default\">\n\t\t\t\t<div class=\"elementor-widget-container\">\n\t\t\t<style>\/*! elementor - v3.6.8 - 27-07-2022 *\/\n.elementor-heading-title{padding:0;margin:0;line-height:1}.elementor-widget-heading .elementor-heading-title[class*=elementor-size-]>a{color:inherit;font-size:inherit;line-height:inherit}.elementor-widget-heading .elementor-heading-title.elementor-size-small{font-size:15px}.elementor-widget-heading .elementor-heading-title.elementor-size-medium{font-size:19px}.elementor-widget-heading .elementor-heading-title.elementor-size-large{font-size:29px}.elementor-widget-heading .elementor-heading-title.elementor-size-xl{font-size:39px}.elementor-widget-heading .elementor-heading-title.elementor-size-xxl{font-size:59px}<\/style><h5 class=\"elementor-heading-title elementor-size-large\"><a href=\"https:\/\/forms.gle\/actgQ2txoqKujMwHA\" target=\"_blank\">Ingrese aqu\u00ed a completar el formulario de solicitud de vacante condicional<\/a><\/h5>\t\t<\/div>\n\t\t\t\t<\/div>\n\t\t\t\t<div class=\"elementor-element elementor-element-cbf1d9c elementor-widget elementor-widget-text-editor\" data-id=\"cbf1d9c\" data-element_type=\"widget\" data-widget_type=\"text-editor.default\">\n\t\t\t\t<div class=\"elementor-widget-container\">\n\t\t\t\t\t\t\t<p style=\"text-align: left;\"><span style=\"color: #000000;\">Una vez completado el formulario, los aspirantes deber\u00e1n acercar a la Secretar\u00eda de la Primaria (ingreso cortada Harding), <strong>\u00a0de lunes a viernes de 08.30 a 11.30<\/strong>, la documentaci\u00f3n solicitada m\u00e1s abajo, en un folio y en el orden detallado. M\u00e1s adelante podr\u00e1n ser llamados a una entrevista a la cual deber\u00e1n asistir ambos padres (si viven) junto al aspirante, <strong><u>sin excepci\u00f3n<\/u><\/strong>. En la entrevista, el Personal Directivo detallar\u00e1 c\u00f3mo concluye el proceso de solicitud de vacante condicional<em>.<\/em><\/span><\/p><p style=\"text-align: left;\"><span style=\"color: #000000;\">Documentaci\u00f3n, <strong><u>en un folio transparente y en el siguiente orden<\/u><\/strong>:<\/span><\/p><ul><li style=\"text-align: left;\"><span style=\"color: #000000;\">Fotocopia <strong>LEGALIZADA<\/strong> del DNI del aspirante.<\/span><\/li><li style=\"text-align: left;\"><span style=\"color: #000000;\">Fotocopia <strong>LEGALIZADA<\/strong> del DNI de los padres.<\/span><\/li><li style=\"text-align: left;\"><span style=\"color: #000000;\">Partida de nacimiento <strong>LEGALIZADA<\/strong>.<\/span><\/li><li style=\"text-align: left;\"><span style=\"color: #000000;\">Copia fiel de libreta de calificaciones (solo aspirantes a Nivel Primario).<\/span><\/li><li style=\"text-align: left;\"><span style=\"color: #000000;\">Constancia de alumno regular (salvo aspirantes a Nivel Inicial).<\/span><\/li><li style=\"text-align: left;\"><span style=\"color: #000000;\">Libre deuda del jard\u00edn\/escuela a la que asistiere, o institucional familiar.<\/span><\/li><li style=\"text-align: left;\"><span style=\"color: #000000;\">Informe del jard\u00edn o escuela a la que asistiere.<\/span><\/li><li style=\"text-align: left;\"><span style=\"color: #000000;\">Si el aspirante presenta alg\u00fan tipo de discapacidad, certificado de discapacidad y fotocopia.<\/span><\/li><li style=\"text-align: left;\"><span style=\"color: #000000;\">Si el aspirante se encuentra realizando alg\u00fan tratamiento con profesionales (psic\u00f3logo, psicopedagogo, fonoaudi\u00f3logo), deber\u00e1 presentar copia de los informes.<\/span><\/li><\/ul>\t\t\t\t\t\t<\/div>\n\t\t\t\t<\/div>\n\t\t\t\t\t<\/div>\n\t\t<\/div>\n\t\t\t\t\t\t\t<\/div>\n\t\t<\/section>\n\t\t\t\t\t\t\t<\/div>\n\t\t","protected":false},"excerpt":{"rendered":"<p>Se encuentra abierta la solicitud de vacante condicional para el Ciclo Lectivo 2026 para los niveles inicial y primario de la Obra Salesiana Santo Domingo Savio de Rosario. Aquellas familias que deseen solicitar la vacante, deber\u00e1n completar el siguiente formulario de Google. Ingrese aqu\u00ed a completar el formulario de solicitud de vacante condicional Una vez [&hellip;]<\/p>\n","protected":false},"author":1,"featured_media":0,"parent":0,"menu_order":0,"comment_status":"closed","ping_status":"closed","template":"","meta":{"om_disable_all_campaigns":false,"_monsterinsights_skip_tracking":false,"_monsterinsights_sitenote_active":false,"_monsterinsights_sitenote_note":"","_monsterinsights_sitenote_category":0},"aioseo_notices":[],"_links":{"self":[{"href":"https:\/\/santodomingosavio.com.ar\/index.php?rest_route=\/wp\/v2\/pages\/11"}],"collection":[{"href":"https:\/\/santodomingosavio.com.ar\/index.php?rest_route=\/wp\/v2\/pages"}],"about":[{"href":"https:\/\/santodomingosavio.com.ar\/index.php?rest_route=\/wp\/v2\/types\/page"}],"author":[{"embeddable":true,"href":"https:\/\/santodomingosavio.com.ar\/index.php?rest_route=\/wp\/v2\/users\/1"}],"replies":[{"embeddable":true,"href":"https:\/\/santodomingosavio.com.ar\/index.php?rest_route=%2Fwp%2Fv2%2Fcomments&post=11"}],"version-history":[{"count":56,"href":"https:\/\/santodomingosavio.com.ar\/index.php?rest_route=\/wp\/v2\/pages\/11\/revisions"}],"predecessor-version":[{"id":1498,"href":"https:\/\/santodomingosavio.com.ar\/index.php?rest_route=\/wp\/v2\/pages\/11\/revisions\/1498"}],"wp:attachment":[{"href":"https:\/\/santodomingosavio.com.ar\/index.php?rest_route=%2Fwp%2Fv2%2Fmedia&parent=11"}],"curies":[{"name":"wp","href":"https:\/\/api.w.org\/{rel}","templated":true}]}}